{"id":5863,"date":"2023-03-05T10:52:58","date_gmt":"2023-03-05T10:52:58","guid":{"rendered":"http:\/\/192.168.0.10\/dinenos\/?page_id=5863"},"modified":"2026-01-24T15:37:25","modified_gmt":"2026-01-24T12:37:25","slug":"menu-list","status":"publish","type":"page","link":"https:\/\/belfastkoteklimenu.com\/?page_id=5863","title":{"rendered":"Menu List"},"content":{"rendered":"\t\t<div data-elementor-type=\"wp-page\" data-elementor-id=\"5863\" class=\"elementor elementor-5863\">\n\t\t\t\t\t\t<section class=\"elementor-section elementor-top-section elementor-element elementor-element-033140c elementor-section-full_width elementor-section-stretched elementor-section-height-default elementor-section-height-default\" data-id=\"033140c\" data-element_type=\"section\" data-settings=\"{&quot;stretch_section&quot;:&quot;section-stretched&quot;,&quot;background_background&quot;:&quot;classic&quot;}\">\n\t\t\t\t\t\t<div class=\"elementor-container elementor-column-gap-default\">\n\t\t\t\t\t<div class=\"elementor-column elementor-col-100 elementor-top-column elementor-element elementor-element-9c1e498\" data-id=\"9c1e498\" data-element_type=\"column\">\n\t\t\t<div class=\"elementor-widget-wrap elementor-element-populated\">\n\t\t\t\t\t\t<div class=\"elementor-element elementor-element-e224a4f elementor-widget-divider--separator-type-pattern elementor-widget-divider--view-line elementor-widget elementor-widget-divider\" data-id=\"e224a4f\" data-element_type=\"widget\" data-widget_type=\"divider.default\">\n\t\t\t\t\t\t\t<div class=\"elementor-divider\" style=\"--divider-pattern-url: url(&quot;data:image\/svg+xml,%3Csvg xmlns=&#039;http:\/\/www.w3.org\/2000\/svg&#039; preserveAspectRatio=&#039;none&#039; overflow=&#039;visible&#039; height=&#039;100%&#039; viewBox=&#039;0 0 24 24&#039; fill=&#039;black&#039; stroke=&#039;none&#039;%3E%3Cpath d=&#039;M12.7,2.3c-0.4-0.4-1.1-0.4-1.5,0l-8,9.1c-0.3,0.4-0.3,0.9,0,1.2l8,9.1c0.4,0.4,1.1,0.4,1.5,0l8-9.1c0.3-0.4,0.3-0.9,0-1.2L12.7,2.3z&#039;\/%3E%3C\/svg%3E&quot;);\">\n\t\t\t<span class=\"elementor-divider-separator\">\n\t\t\t\t\t\t<\/span>\n\t\t<\/div>\n\t\t\t\t\t\t<\/div>\n\t\t\t\t<div class=\"elementor-element elementor-element-374af89 elementor-widget elementor-widget-heading\" data-id=\"374af89\" data-element_type=\"widget\" data-settings=\"{&quot;_animation&quot;:&quot;none&quot;,&quot;_animation_delay&quot;:100}\" data-widget_type=\"heading.default\">\n\t\t\t\t\t<h2 class=\"elementor-heading-title elementor-size-default\">Ana Yemekler<\/h2>\t\t\t\t<\/div>\n\t\t\t\t\t<\/div>\n\t\t<\/div>\n\t\t\t\t\t<\/div>\n\t\t<\/section>\n\t\t\t\t<section class=\"elementor-section elementor-top-section elementor-element elementor-element-5ba9c7a3 elementor-section-stretched elementor-section-boxed elementor-section-height-default elementor-section-height-default\" data-id=\"5ba9c7a3\" data-element_type=\"section\" data-settings=\"{&quot;stretch_section&quot;:&quot;section-stretched&quot;,&quot;background_background&quot;:&quot;classic&quot;}\">\n\t\t\t\t\t\t<div class=\"elementor-container elementor-column-gap-extended\">\n\t\t\t\t\t<div class=\"elementor-column elementor-col-100 elementor-top-column elementor-element elementor-element-58af334b\" data-id=\"58af334b\" data-element_type=\"column\">\n\t\t\t<div class=\"elementor-widget-wrap elementor-element-populated\">\n\t\t\t\t\t\t<div class=\"elementor-element elementor-element-3857ce1c elementor-widget__width-initial elementor-widget-mobile__width-inherit elementor-widget elementor-widget-react-heading\" data-id=\"3857ce1c\" data-element_type=\"widget\" data-widget_type=\"react-heading.default\">\n\t\t\t\t<div class=\"elementor-widget-container\">\n\t\t\t\t\t\t  \r\n        <div class=\"react-heading style9  title-border-no\">\r\n        \t<div class=\"title-inner no\">        \t\t      \t\t\r\n\t            <div class=\"title-img top\" data-aos-delay=\"100\" data-aos=\"fade-up\" data-aos-duration=\"800\" data-aos-once=\"true\"> <img decoding=\"async\" src=\"https:\/\/reactheme.com\/products\/wordpress\/dinenos\/wp-content\/uploads\/2023\/02\/title-shape.png\" alt=\"title-image\" \/><\/div>\t        <\/div>\r\n\t\t\t\t        \r\n\t            \r\n        <\/div>\r\n        \t\t\t\t<\/div>\n\t\t\t\t<\/div>\n\t\t\t\t<div class=\"elementor-element elementor-element-29e30616 elementor-widget elementor-widget-rt-portfolio-grid\" data-id=\"29e30616\" data-element_type=\"widget\" data-widget_type=\"rt-portfolio-grid.default\">\n\t\t\t\t<div class=\"elementor-widget-container\">\n\t\t\t\t\t\r\n\r\n\t<div class=\"rt-portfolio-style2 menu-grid image_show detail_no\">\r\n\t\t\t\t<div class=\"grid-none\">\r\n\t\t\t<div class=\"row\">\r\n\t\t\t\t\r\n\t\t<div class=\"col-lg-6 col-md-6 col-xs-1 grid-item filter_ana-yemekler \">\r\n\t\t\t<div class=\"portfolio-item p-cat-menu-style2 content-overlay\">\r\n\t\t\t\r\n\t\t\t            <div class=\"portfolio-content\">\r\n                <div class=\"vertical-middle\">\r\n                    <div class=\"vertical-middle-cell\">                     \t\r\n                    \t                    \t\t<h4 class=\"p-title\"><a href=\"https:\/\/belfastkoteklimenu.com\/?product=sweet-chili-soslu-tavuk\">Sweet Chili Soslu Tavuk<\/a><\/h4>\r\n                    \t                    \t<div class=\"p-materials\">\r\n                    \t\t<span><\/span>                    \t\t\r\n                    \t<\/div>\t\r\n                    <\/div>\r\n                <\/div>\r\n            <\/div>\r\n            <div class=\"product-price\"><span class=\"woocommerce-Price-amount amount\"><bdi><span class=\"woocommerce-Price-currencySymbol\">&#8378;<\/span>400,00<\/bdi><\/span><\/div>           \r\n        <\/div>\r\n    <\/div>\r\n\t        \r\n\r\n\t\t\r\n\t\r\n\t\t<div class=\"col-lg-6 col-md-6 col-xs-1 grid-item filter_ana-yemekler \">\r\n\t\t\t<div class=\"portfolio-item p-cat-menu-style2 content-overlay\">\r\n\t\t\t\r\n\t\t\t            <div class=\"portfolio-content\">\r\n                <div class=\"vertical-middle\">\r\n                    <div class=\"vertical-middle-cell\">                     \t\r\n                    \t                    \t\t<h4 class=\"p-title\"><a href=\"https:\/\/belfastkoteklimenu.com\/?product=kremali-mantarli-tavuk\">Kremal\u0131 Mantarl\u0131 Tavuk<\/a><\/h4>\r\n                    \t                    \t<div class=\"p-materials\">\r\n                    \t\t<span> <a href=\"https:\/\/belfastkoteklimenu.com\/?food-materials=krema-ve-mantar-ile-hazirlanan-150-gr-tavuk-yaninda-basmati-pirinc-pilavi-ve-mascolin-salata\" rel=\"tag\">Krema ve mantar ile haz\u0131rlanan 150 gr tavuk; yan\u0131nda basmati pirin\u00e7 pilav\u0131 ve mascolin salata.<\/a><\/span>                    \t\t\r\n                    \t<\/div>\t\r\n                    <\/div>\r\n                <\/div>\r\n            <\/div>\r\n            <div class=\"product-price\"><span class=\"woocommerce-Price-amount amount\"><bdi><span class=\"woocommerce-Price-currencySymbol\">&#8378;<\/span>400,00<\/bdi><\/span><\/div>           \r\n        <\/div>\r\n    <\/div>\r\n\t        \r\n\r\n\t\t\r\n\t\r\n\t\t<div class=\"col-lg-6 col-md-6 col-xs-1 grid-item filter_ana-yemekler \">\r\n\t\t\t<div class=\"portfolio-item p-cat-menu-style2 content-overlay\">\r\n\t\t\t\r\n\t\t\t            <div class=\"portfolio-content\">\r\n                <div class=\"vertical-middle\">\r\n                    <div class=\"vertical-middle-cell\">                     \t\r\n                    \t                    \t\t<h4 class=\"p-title\"><a href=\"https:\/\/belfastkoteklimenu.com\/?product=izgara-kasap-kofte\">Izgara Kasap K\u00f6fte<\/a><\/h4>\r\n                    \t                    \t<div class=\"p-materials\">\r\n                    \t\t<span> <a href=\"https:\/\/belfastkoteklimenu.com\/?food-materials=izgarada-pisirilen-5-adet-50-gr-kofte-yaninda-basmati-pirinc-pilavi-mascolin-salata-ve-4-adet-lavas\" rel=\"tag\">Izgarada pi\u015firilen 5 adet 50 gr k\u00f6fte; yan\u0131nda basmati pirin\u00e7 pilav\u0131, mascolin salata ve 4 adet lava\u015f.<\/a><\/span>                    \t\t\r\n                    \t<\/div>\t\r\n                    <\/div>\r\n                <\/div>\r\n            <\/div>\r\n            <div class=\"product-price\"><span class=\"woocommerce-Price-amount amount\"><bdi><span class=\"woocommerce-Price-currencySymbol\">&#8378;<\/span>480,00<\/bdi><\/span><\/div>           \r\n        <\/div>\r\n    <\/div>\r\n\t        \r\n\r\n\t\t\r\n\t\r\n\t\t<div class=\"col-lg-6 col-md-6 col-xs-1 grid-item filter_ana-yemekler \">\r\n\t\t\t<div class=\"portfolio-item p-cat-menu-style2 content-overlay\">\r\n\t\t\t\r\n\t\t\t            <div class=\"portfolio-content\">\r\n                <div class=\"vertical-middle\">\r\n                    <div class=\"vertical-middle-cell\">                     \t\r\n                    \t                    \t\t<h4 class=\"p-title\"><a href=\"https:\/\/belfastkoteklimenu.com\/?product=tavuk-kulbasti\">Tavuk K\u00fclbast\u0131<\/a><\/h4>\r\n                    \t                    \t<div class=\"p-materials\">\r\n                    \t\t<span> <a href=\"https:\/\/belfastkoteklimenu.com\/?food-materials=250-gr-tavuk-gogsu-ile-hazirlanan-izgara-kulbasti-yaninda-basmati-pirinc-pilavi-ve-mascolin-salata\" rel=\"tag\">250 gr tavuk g\u00f6\u011fs\u00fc ile haz\u0131rlanan \u0131zgara k\u00fclbast\u0131; yan\u0131nda basmati pirin\u00e7 pilav\u0131 ve mascolin salata.<\/a><\/span>                    \t\t\r\n                    \t<\/div>\t\r\n                    <\/div>\r\n                <\/div>\r\n            <\/div>\r\n            <div class=\"product-price\"><span class=\"woocommerce-Price-amount amount\"><bdi><span class=\"woocommerce-Price-currencySymbol\">&#8378;<\/span>400,00<\/bdi><\/span><\/div>           \r\n        <\/div>\r\n    <\/div>\r\n\t        \r\n\r\n\t\t\r\n\t\r\n\t\t<div class=\"col-lg-6 col-md-6 col-xs-1 grid-item filter_ana-yemekler \">\r\n\t\t\t<div class=\"portfolio-item p-cat-menu-style2 content-overlay\">\r\n\t\t\t\r\n\t\t\t            <div class=\"portfolio-content\">\r\n                <div class=\"vertical-middle\">\r\n                    <div class=\"vertical-middle-cell\">                     \t\r\n                    \t                    \t\t<h4 class=\"p-title\"><a href=\"https:\/\/belfastkoteklimenu.com\/?product=kori-soslu-tavuk\">K\u00f6ri Soslu Tavuk<\/a><\/h4>\r\n                    \t                    \t<div class=\"p-materials\">\r\n                    \t\t<span> <a href=\"https:\/\/belfastkoteklimenu.com\/?food-materials=krema-ve-kori-sos-ile-hazirlanan-150-gr-tavuk-yaninda-basmati-pirinc-pilavi-ve-mascolin-salata\" rel=\"tag\">Krema ve k\u00f6ri sos ile haz\u0131rlanan 150 gr tavuk; yan\u0131nda basmati pirin\u00e7 pilav\u0131 ve mascolin salata.<\/a><\/span>                    \t\t\r\n                    \t<\/div>\t\r\n                    <\/div>\r\n                <\/div>\r\n            <\/div>\r\n            <div class=\"product-price\"><span class=\"woocommerce-Price-amount amount\"><bdi><span class=\"woocommerce-Price-currencySymbol\">&#8378;<\/span>400,00<\/bdi><\/span><\/div>           \r\n        <\/div>\r\n    <\/div>\r\n\t        \r\n\r\n\t\t\r\n\t\r\n\t\t<div class=\"col-lg-6 col-md-6 col-xs-1 grid-item filter_ana-yemekler \">\r\n\t\t\t<div class=\"portfolio-item p-cat-menu-style2 content-overlay\">\r\n\t\t\t\r\n\t\t\t            <div class=\"portfolio-content\">\r\n                <div class=\"vertical-middle\">\r\n                    <div class=\"vertical-middle-cell\">                     \t\r\n                    \t                    \t\t<h4 class=\"p-title\"><a href=\"https:\/\/belfastkoteklimenu.com\/?product=isvec-kofte\">\u0130sve\u00e7 K\u00f6fte<\/a><\/h4>\r\n                    \t                    \t<div class=\"p-materials\">\r\n                    \t\t<span> <a href=\"https:\/\/belfastkoteklimenu.com\/?food-materials=7-adet-30-gr-top-kofte-patates-puresi-ve-basmati-pirinc-pilavi-esliginde-mascolin-salata-baby-sebze-ve-demi-glace-sos-ile-servis\" rel=\"tag\">7 adet 30 gr top k\u00f6fte; patates p\u00fcresi ve basmati pirin\u00e7 pilav\u0131 e\u015fli\u011finde, mascolin salata, baby sebze ve demi glace sos ile servis.<\/a><\/span>                    \t\t\r\n                    \t<\/div>\t\r\n                    <\/div>\r\n                <\/div>\r\n            <\/div>\r\n            <div class=\"product-price\"><span class=\"woocommerce-Price-amount amount\"><bdi><span class=\"woocommerce-Price-currencySymbol\">&#8378;<\/span>500,00<\/bdi><\/span><\/div>           \r\n        <\/div>\r\n    <\/div>\r\n\t        \r\n\r\n\t\t\r\n\t\r\n\t\t<div class=\"col-lg-6 col-md-6 col-xs-1 grid-item filter_ana-yemekler \">\r\n\t\t\t<div class=\"portfolio-item p-cat-menu-style2 content-overlay\">\r\n\t\t\t\r\n\t\t\t            <div class=\"portfolio-content\">\r\n                <div class=\"vertical-middle\">\r\n                    <div class=\"vertical-middle-cell\">                     \t\r\n                    \t                    \t\t<h4 class=\"p-title\"><a href=\"https:\/\/belfastkoteklimenu.com\/?product=antrikot-izgara\">Antrikot Izgara<\/a><\/h4>\r\n                    \t                    \t<div class=\"p-materials\">\r\n                    \t\t<span> <a href=\"https:\/\/belfastkoteklimenu.com\/?food-materials=250-gr-antrikot-izgara-patates-puresi-baby-sebze-ve-demi-glace-sos-esliginde\" rel=\"tag\">250 gr antrikot \u0131zgara; patates p\u00fcresi, baby sebze ve demi glace sos e\u015fli\u011finde.<\/a><\/span>                    \t\t\r\n                    \t<\/div>\t\r\n                    <\/div>\r\n                <\/div>\r\n            <\/div>\r\n            <div class=\"product-price\"><span class=\"woocommerce-Price-amount amount\"><bdi><span class=\"woocommerce-Price-currencySymbol\">&#8378;<\/span>520,00<\/bdi><\/span><\/div>           \r\n        <\/div>\r\n    <\/div>\r\n\t        \r\n\r\n\t\t\r\n\t  \t\t\t<\/div>\r\n\t\t<\/div>\r\n\t<\/div>\r\n\r\n\t\t\t\t\t<\/div>\n\t\t\t\t<\/div>\n\t\t\t\t\t<\/div>\n\t\t<\/div>\n\t\t\t\t\t<\/div>\n\t\t<\/section>\n\t\t\t\t<\/div>\n\t\t","protected":false},"excerpt":{"rendered":"<p>Ana Yemekler Sweet Chili Soslu Tavuk &#8378;400,00 Kremal\u0131 Mantarl\u0131 Tavuk &#8378;400,00 Izgara Kasap K\u00f6fte &#8378;480,00 Tavuk K\u00fclbast\u0131 &#8378;400,00 K\u00f6ri Soslu Tavuk &#8378;400,00 \u0130sve\u00e7 K\u00f6fte &#8378;480,00 Antrikot Izgara &#8378;500,00<\/p>\n","protected":false},"author":1,"featured_media":0,"parent":0,"menu_order":0,"comment_status":"closed","ping_status":"closed","template":"","meta":{"footnotes":""},"class_list":["post-5863","page","type-page","status-publish","hentry"],"_links":{"self":[{"href":"https:\/\/belfastkoteklimenu.com\/index.php?rest_route=\/wp\/v2\/pages\/5863","targetHints":{"allow":["GET"]}}],"collection":[{"href":"https:\/\/belfastkoteklimenu.com\/index.php?rest_route=\/wp\/v2\/pages"}],"about":[{"href":"https:\/\/belfastkoteklimenu.com\/index.php?rest_route=\/wp\/v2\/types\/page"}],"author":[{"embeddable":true,"href":"https:\/\/belfastkoteklimenu.com\/index.php?rest_route=\/wp\/v2\/users\/1"}],"replies":[{"embeddable":true,"href":"https:\/\/belfastkoteklimenu.com\/index.php?rest_route=%2Fwp%2Fv2%2Fcomments&post=5863"}],"version-history":[{"count":13,"href":"https:\/\/belfastkoteklimenu.com\/index.php?rest_route=\/wp\/v2\/pages\/5863\/revisions"}],"predecessor-version":[{"id":8786,"href":"https:\/\/belfastkoteklimenu.com\/index.php?rest_route=\/wp\/v2\/pages\/5863\/revisions\/8786"}],"wp:attachment":[{"href":"https:\/\/belfastkoteklimenu.com\/index.php?rest_route=%2Fwp%2Fv2%2Fmedia&parent=5863"}],"curies":[{"name":"wp","href":"https:\/\/api.w.org\/{rel}","templated":true}]}}