{"id":8591,"date":"2023-03-05T10:52:58","date_gmt":"2023-03-05T07:52:58","guid":{"rendered":"https:\/\/belfastkoteklimenu.com\/?page_id=8591"},"modified":"2026-02-03T17:55:57","modified_gmt":"2026-02-03T14:55:57","slug":"menu-list-3","status":"publish","type":"page","link":"https:\/\/belfastkoteklimenu.com\/?page_id=8591","title":{"rendered":"Sandvi\u00e7 ve Tostlar"},"content":{"rendered":"\t\t<div data-elementor-type=\"wp-page\" data-elementor-id=\"8591\" class=\"elementor elementor-8591\">\n\t\t\t\t\t\t<section class=\"elementor-section elementor-top-section elementor-element elementor-element-033140c elementor-section-full_width elementor-section-stretched elementor-section-height-default elementor-section-height-default\" data-id=\"033140c\" data-element_type=\"section\" data-settings=\"{&quot;stretch_section&quot;:&quot;section-stretched&quot;,&quot;background_background&quot;:&quot;classic&quot;}\">\n\t\t\t\t\t\t<div class=\"elementor-container elementor-column-gap-default\">\n\t\t\t\t\t<div class=\"elementor-column elementor-col-100 elementor-top-column elementor-element elementor-element-9c1e498\" data-id=\"9c1e498\" data-element_type=\"column\">\n\t\t\t<div class=\"elementor-widget-wrap elementor-element-populated\">\n\t\t\t\t\t\t<div class=\"elementor-element elementor-element-e224a4f elementor-widget-divider--separator-type-pattern elementor-widget-divider--view-line elementor-widget elementor-widget-divider\" data-id=\"e224a4f\" data-element_type=\"widget\" data-widget_type=\"divider.default\">\n\t\t\t\t\t\t\t<div class=\"elementor-divider\" style=\"--divider-pattern-url: url(&quot;data:image\/svg+xml,%3Csvg xmlns=&#039;http:\/\/www.w3.org\/2000\/svg&#039; preserveAspectRatio=&#039;none&#039; overflow=&#039;visible&#039; height=&#039;100%&#039; viewBox=&#039;0 0 24 24&#039; fill=&#039;black&#039; stroke=&#039;none&#039;%3E%3Cpath d=&#039;M12.7,2.3c-0.4-0.4-1.1-0.4-1.5,0l-8,9.1c-0.3,0.4-0.3,0.9,0,1.2l8,9.1c0.4,0.4,1.1,0.4,1.5,0l8-9.1c0.3-0.4,0.3-0.9,0-1.2L12.7,2.3z&#039;\/%3E%3C\/svg%3E&quot;);\">\n\t\t\t<span class=\"elementor-divider-separator\">\n\t\t\t\t\t\t<\/span>\n\t\t<\/div>\n\t\t\t\t\t\t<\/div>\n\t\t\t\t<div class=\"elementor-element elementor-element-374af89 elementor-widget elementor-widget-heading\" data-id=\"374af89\" data-element_type=\"widget\" data-settings=\"{&quot;_animation&quot;:&quot;none&quot;,&quot;_animation_delay&quot;:100}\" data-widget_type=\"heading.default\">\n\t\t\t\t\t<h2 class=\"elementor-heading-title elementor-size-default\">Sandvi\u00e7 ve Tost<\/h2>\t\t\t\t<\/div>\n\t\t\t\t\t<\/div>\n\t\t<\/div>\n\t\t\t\t\t<\/div>\n\t\t<\/section>\n\t\t\t\t<section class=\"elementor-section elementor-top-section elementor-element elementor-element-5ba9c7a3 elementor-section-stretched elementor-section-boxed elementor-section-height-default elementor-section-height-default\" data-id=\"5ba9c7a3\" data-element_type=\"section\" data-settings=\"{&quot;stretch_section&quot;:&quot;section-stretched&quot;,&quot;background_background&quot;:&quot;classic&quot;}\">\n\t\t\t\t\t\t<div class=\"elementor-container elementor-column-gap-extended\">\n\t\t\t\t\t<div class=\"elementor-column elementor-col-100 elementor-top-column elementor-element elementor-element-58af334b\" data-id=\"58af334b\" data-element_type=\"column\">\n\t\t\t<div class=\"elementor-widget-wrap elementor-element-populated\">\n\t\t\t\t\t\t<div class=\"elementor-element elementor-element-3857ce1c elementor-widget__width-initial elementor-widget-mobile__width-inherit elementor-widget elementor-widget-react-heading\" data-id=\"3857ce1c\" data-element_type=\"widget\" data-widget_type=\"react-heading.default\">\n\t\t\t\t<div class=\"elementor-widget-container\">\n\t\t\t\t\t\t  \r\n        <div class=\"react-heading style9  title-border-no\">\r\n        \t<div class=\"title-inner no\">        \t\t      \t\t\r\n\t            <div class=\"title-img top\" data-aos-delay=\"100\" data-aos=\"fade-up\" data-aos-duration=\"800\" data-aos-once=\"true\"> <img decoding=\"async\" src=\"https:\/\/reactheme.com\/products\/wordpress\/dinenos\/wp-content\/uploads\/2023\/02\/title-shape.png\" alt=\"title-image\" \/><\/div>\t        <\/div>\r\n\t\t\t\t        \r\n\t            \r\n        <\/div>\r\n        \t\t\t\t<\/div>\n\t\t\t\t<\/div>\n\t\t\t\t<div class=\"elementor-element elementor-element-29e30616 elementor-widget elementor-widget-rt-portfolio-grid\" data-id=\"29e30616\" data-element_type=\"widget\" data-widget_type=\"rt-portfolio-grid.default\">\n\t\t\t\t<div class=\"elementor-widget-container\">\n\t\t\t\t\t\r\n\r\n\t<div class=\"rt-portfolio-style2 menu-grid image_hide detail_no\">\r\n\t\t\t\t<div class=\"grid-none\">\r\n\t\t\t<div class=\"row\">\r\n\t\t\t\t\r\n\t\t<div class=\"col-lg-6 col-md-6 col-xs-1 grid-item filter_sandvic-ve-tostlar \">\r\n\t\t\t<div class=\"portfolio-item p-cat-menu-style2 content-overlay\">\r\n\t\t\t\r\n\t\t\t            <div class=\"portfolio-content\">\r\n                <div class=\"vertical-middle\">\r\n                    <div class=\"vertical-middle-cell\">                     \t\r\n                    \t                    \t\t<h4 class=\"p-title\"><a href=\"https:\/\/belfastkoteklimenu.com\/?product=citir-tavuk-sandvic\">\u00c7\u0131t\u0131r Tavuk Sandvi\u00e7<\/a><\/h4>\r\n                    \t                    \t<div class=\"p-materials\">\r\n                    \t\t<span> <a href=\"https:\/\/belfastkoteklimenu.com\/?food-materials=170-gr-panelenmis-tavuk-2-dilim-cheddar-ile-ciabatta-ekmeginde-hazirlanir-hardal-mayonez-taban-sos-esliginde-yaninda-patates-kizartmasi-ile-servis\" rel=\"tag\">170 gr panelenmi\u015f tavuk; 2 dilim cheddar ile ciabatta ekme\u011finde haz\u0131rlan\u0131r, hardal-mayonez taban sos e\u015fli\u011finde; yan\u0131nda patates k\u0131zartmas\u0131 ile servis.<\/a><\/span>                    \t\t\r\n                    \t<\/div>\t\r\n                    <\/div>\r\n                <\/div>\r\n            <\/div>\r\n            <div class=\"product-price\"><span class=\"woocommerce-Price-amount amount\"><bdi><span class=\"woocommerce-Price-currencySymbol\">&#8378;<\/span>350,00<\/bdi><\/span><\/div>           \r\n        <\/div>\r\n    <\/div>\r\n\t        \r\n\r\n\t\t\r\n\t\r\n\t\t<div class=\"col-lg-6 col-md-6 col-xs-1 grid-item filter_sandvic-ve-tostlar \">\r\n\t\t\t<div class=\"portfolio-item p-cat-menu-style2 content-overlay\">\r\n\t\t\t\r\n\t\t\t            <div class=\"portfolio-content\">\r\n                <div class=\"vertical-middle\">\r\n                    <div class=\"vertical-middle-cell\">                     \t\r\n                    \t                    \t\t<h4 class=\"p-title\"><a href=\"https:\/\/belfastkoteklimenu.com\/?product=tavuk-sandvic\">Tavuk Sandvi\u00e7<\/a><\/h4>\r\n                    \t                    \t<div class=\"p-materials\">\r\n                    \t\t<span> <a href=\"https:\/\/belfastkoteklimenu.com\/?food-materials=ciabatta-ekmeginde-150-gr-julyen-tavuk-julyen-biber-meksikan-fasulyesi-ve-2-dilim-cheddar-ile-hazirlanir-yaninda-patates-kizartmasi-ile-servis\" rel=\"tag\">Ciabatta ekme\u011finde 150 gr j\u00fclyen tavuk; j\u00fclyen biber, Meksikan fasulyesi ve 2 dilim cheddar ile haz\u0131rlan\u0131r; yan\u0131nda patates k\u0131zartmas\u0131 ile servis.<\/a><\/span>                    \t\t\r\n                    \t<\/div>\t\r\n                    <\/div>\r\n                <\/div>\r\n            <\/div>\r\n            <div class=\"product-price\"><span class=\"woocommerce-Price-amount amount\"><bdi><span class=\"woocommerce-Price-currencySymbol\">&#8378;<\/span>350,00<\/bdi><\/span><\/div>           \r\n        <\/div>\r\n    <\/div>\r\n\t        \r\n\r\n\t\t\r\n\t\r\n\t\t<div class=\"col-lg-6 col-md-6 col-xs-1 grid-item filter_sandvic-ve-tostlar \">\r\n\t\t\t<div class=\"portfolio-item p-cat-menu-style2 content-overlay\">\r\n\t\t\t\r\n\t\t\t            <div class=\"portfolio-content\">\r\n                <div class=\"vertical-middle\">\r\n                    <div class=\"vertical-middle-cell\">                     \t\r\n                    \t                    \t\t<h4 class=\"p-title\"><a href=\"https:\/\/belfastkoteklimenu.com\/?product=biftek-sandvic\">Biftek Sandvi\u00e7<\/a><\/h4>\r\n                    \t                    \t<div class=\"p-materials\">\r\n                    \t\t<span> <a href=\"https:\/\/belfastkoteklimenu.com\/?food-materials=110-gr-bonfile-eti-ve-fume-kaburga-cheddar-ve-hardal-mayonez-taban-sos-ile-hazirlanir-yaninda-patates-kizartmasi-ile-servis\" rel=\"tag\">110 gr bonfile eti ve f\u00fcme kaburga; cheddar ve hardal-mayonez taban sos ile haz\u0131rlan\u0131r; yan\u0131nda patates k\u0131zartmas\u0131 ile servis.<\/a><\/span>                    \t\t\r\n                    \t<\/div>\t\r\n                    <\/div>\r\n                <\/div>\r\n            <\/div>\r\n            <div class=\"product-price\"><span class=\"woocommerce-Price-amount amount\"><bdi><span class=\"woocommerce-Price-currencySymbol\">&#8378;<\/span>550,00<\/bdi><\/span><\/div>           \r\n        <\/div>\r\n    <\/div>\r\n\t        \r\n\r\n\t\t\r\n\t\r\n\t\t<div class=\"col-lg-6 col-md-6 col-xs-1 grid-item filter_sandvic-ve-tostlar \">\r\n\t\t\t<div class=\"portfolio-item p-cat-menu-style2 content-overlay\">\r\n\t\t\t\r\n\t\t\t            <div class=\"portfolio-content\">\r\n                <div class=\"vertical-middle\">\r\n                    <div class=\"vertical-middle-cell\">                     \t\r\n                    \t                    \t\t<h4 class=\"p-title\"><a href=\"https:\/\/belfastkoteklimenu.com\/?product=avokado-tost\">Avokado Tost<\/a><\/h4>\r\n                    \t                    \t<div class=\"p-materials\">\r\n                    \t\t<span> <a href=\"https:\/\/belfastkoteklimenu.com\/?food-materials=tam-tahilli-ekmek-uzerinde-dilim-mozarella-ve-avokado-fume-dana-kaburga-eti-scrambled-egg-ve-frenk-sogan-ile-hazirlanir-yaninda-mascolin-salata-ile-servis\" rel=\"tag\">Tam tah\u0131ll\u0131 ekmek \u00fczerinde dilim mozarella ve avokado; f\u00fcme dana kaburga eti, scrambled egg ve frenk so\u011fan ile haz\u0131rlan\u0131r; yan\u0131nda mascolin salata ile servis.<\/a><\/span>                    \t\t\r\n                    \t<\/div>\t\r\n                    <\/div>\r\n                <\/div>\r\n            <\/div>\r\n            <div class=\"product-price\"><span class=\"woocommerce-Price-amount amount\"><bdi><span class=\"woocommerce-Price-currencySymbol\">&#8378;<\/span>330,00<\/bdi><\/span><\/div>           \r\n        <\/div>\r\n    <\/div>\r\n\t        \r\n\r\n\t\t\r\n\t  \t\t\t<\/div>\r\n\t\t<\/div>\r\n\t<\/div>\r\n\r\n\t\t\t\t\t<\/div>\n\t\t\t\t<\/div>\n\t\t\t\t\t<\/div>\n\t\t<\/div>\n\t\t\t\t\t<\/div>\n\t\t<\/section>\n\t\t\t\t<\/div>\n\t\t","protected":false},"excerpt":{"rendered":"<p>Sandvi\u00e7 ve Tost \u00c7\u0131t\u0131r Tavuk Sandvi\u00e7 170 gr panelenmi\u015f tavuk; 2 dilim cheddar ile ciabatta ekme\u011finde haz\u0131rlan\u0131r, hardal-mayonez taban sos e\u015fli\u011finde; yan\u0131nda patates k\u0131zartmas\u0131 ile servis. &#8378;350,00 Tavuk Sandvi\u00e7 Ciabatta ekme\u011finde 150 gr j\u00fclyen tavuk; j\u00fclyen biber, Meksikan fasulyesi ve 2 dilim cheddar ile haz\u0131rlan\u0131r; yan\u0131nda patates k\u0131zartmas\u0131 ile servis. &#8378;350,00 Panini Ciabatta ekme\u011finde suda&#8230;<\/p>\n","protected":false},"author":1,"featured_media":0,"parent":0,"menu_order":0,"comment_status":"closed","ping_status":"closed","template":"","meta":{"footnotes":""},"class_list":["post-8591","page","type-page","status-publish","hentry"],"_links":{"self":[{"href":"https:\/\/belfastkoteklimenu.com\/index.php?rest_route=\/wp\/v2\/pages\/8591","targetHints":{"allow":["GET"]}}],"collection":[{"href":"https:\/\/belfastkoteklimenu.com\/index.php?rest_route=\/wp\/v2\/pages"}],"about":[{"href":"https:\/\/belfastkoteklimenu.com\/index.php?rest_route=\/wp\/v2\/types\/page"}],"author":[{"embeddable":true,"href":"https:\/\/belfastkoteklimenu.com\/index.php?rest_route=\/wp\/v2\/users\/1"}],"replies":[{"embeddable":true,"href":"https:\/\/belfastkoteklimenu.com\/index.php?rest_route=%2Fwp%2Fv2%2Fcomments&post=8591"}],"version-history":[{"count":16,"href":"https:\/\/belfastkoteklimenu.com\/index.php?rest_route=\/wp\/v2\/pages\/8591\/revisions"}],"predecessor-version":[{"id":8790,"href":"https:\/\/belfastkoteklimenu.com\/index.php?rest_route=\/wp\/v2\/pages\/8591\/revisions\/8790"}],"wp:attachment":[{"href":"https:\/\/belfastkoteklimenu.com\/index.php?rest_route=%2Fwp%2Fv2%2Fmedia&parent=8591"}],"curies":[{"name":"wp","href":"https:\/\/api.w.org\/{rel}","templated":true}]}}