{"id":8373,"date":"2025-11-12T16:25:49","date_gmt":"2025-11-12T13:25:49","guid":{"rendered":"https:\/\/belfastkoteklimenu.com\/?post_type=product&#038;p=8373"},"modified":"2026-02-05T15:08:24","modified_gmt":"2026-02-05T12:08:24","slug":"avokado-tost","status":"publish","type":"product","link":"https:\/\/belfastkoteklimenu.com\/?product=avokado-tost","title":{"rendered":"Avokado Tost"},"content":{"rendered":"<div>\n<p>Tam tah\u0131ll\u0131 ekmek \u00fczerinde dilim mozarella ve avokado; f\u00fcme dana kaburga eti, scrambled egg ve frenk so\u011fan ile haz\u0131rlan\u0131r; yan\u0131nda mascolin salata ile servis.<\/p>\n<\/div>\n","protected":false},"excerpt":{"rendered":"<p>Tam tah\u0131ll\u0131 ekmek \u00fczerinde dilim mozarella ve avokado; f\u00fcme dana kaburga eti, scrambled egg ve frenk so\u011fan ile haz\u0131rlan\u0131r; yan\u0131nda mascolin salata ile servis.<\/p>\n","protected":false},"featured_media":0,"comment_status":"open","ping_status":"closed","template":"","meta":[],"product_brand":[],"product_cat":[47],"product_tag":[],"class_list":{"0":"post-8373","1":"product","2":"type-product","3":"status-publish","5":"product_cat-sandvic-ve-tostlar","6":"food-materials-tam-tahilli-ekmek-uzerinde-dilim-mozarella-ve-avokado-fume-dana-kaburga-eti-scrambled-egg-ve-frenk-sogan-ile-hazirlanir-yaninda-mascolin-salata-ile-servis","8":"first","9":"instock","10":"shipping-taxable","11":"purchasable","12":"product-type-simple"},"_links":{"self":[{"href":"https:\/\/belfastkoteklimenu.com\/index.php?rest_route=\/wp\/v2\/product\/8373","targetHints":{"allow":["GET"]}}],"collection":[{"href":"https:\/\/belfastkoteklimenu.com\/index.php?rest_route=\/wp\/v2\/product"}],"about":[{"href":"https:\/\/belfastkoteklimenu.com\/index.php?rest_route=\/wp\/v2\/types\/product"}],"replies":[{"embeddable":true,"href":"https:\/\/belfastkoteklimenu.com\/index.php?rest_route=%2Fwp%2Fv2%2Fcomments&post=8373"}],"wp:attachment":[{"href":"https:\/\/belfastkoteklimenu.com\/index.php?rest_route=%2Fwp%2Fv2%2Fmedia&parent=8373"}],"wp:term":[{"taxonomy":"product_brand","embeddable":true,"href":"https:\/\/belfastkoteklimenu.com\/index.php?rest_route=%2Fwp%2Fv2%2Fproduct_brand&post=8373"},{"taxonomy":"product_cat","embeddable":true,"href":"https:\/\/belfastkoteklimenu.com\/index.php?rest_route=%2Fwp%2Fv2%2Fproduct_cat&post=8373"},{"taxonomy":"product_tag","embeddable":true,"href":"https:\/\/belfastkoteklimenu.com\/index.php?rest_route=%2Fwp%2Fv2%2Fproduct_tag&post=8373"}],"curies":[{"name":"wp","href":"https:\/\/api.w.org\/{rel}","templated":true}]}}