{"id":8374,"date":"2025-11-12T16:26:21","date_gmt":"2025-11-12T13:26:21","guid":{"rendered":"https:\/\/belfastkoteklimenu.com\/?post_type=product&#038;p=8374"},"modified":"2026-02-05T15:08:14","modified_gmt":"2026-02-05T12:08:14","slug":"biftek-sandvic","status":"publish","type":"product","link":"https:\/\/belfastkoteklimenu.com\/?product=biftek-sandvic","title":{"rendered":"Biftek Sandvi\u00e7"},"content":{"rendered":"<p>110 gr bonfile eti ve f\u00fcme kaburga; cheddar ve hardal-mayonez taban sos ile haz\u0131rlan\u0131r; yan\u0131nda patates k\u0131zartmas\u0131 ile servis.<\/p>\n","protected":false},"excerpt":{"rendered":"<p>110 gr bonfile eti ve f\u00fcme kaburga; cheddar ve hardal-mayonez taban sos ile haz\u0131rlan\u0131r; yan\u0131nda patates k\u0131zartmas\u0131 ile servis.<\/p>\n","protected":false},"featured_media":0,"comment_status":"open","ping_status":"closed","template":"","meta":[],"product_brand":[],"product_cat":[47],"product_tag":[],"class_list":{"0":"post-8374","1":"product","2":"type-product","3":"status-publish","5":"product_cat-sandvic-ve-tostlar","6":"food-materials-110-gr-bonfile-eti-ve-fume-kaburga-cheddar-ve-hardal-mayonez-taban-sos-ile-hazirlanir-yaninda-patates-kizartmasi-ile-servis","8":"first","9":"instock","10":"shipping-taxable","11":"purchasable","12":"product-type-simple"},"_links":{"self":[{"href":"https:\/\/belfastkoteklimenu.com\/index.php?rest_route=\/wp\/v2\/product\/8374","targetHints":{"allow":["GET"]}}],"collection":[{"href":"https:\/\/belfastkoteklimenu.com\/index.php?rest_route=\/wp\/v2\/product"}],"about":[{"href":"https:\/\/belfastkoteklimenu.com\/index.php?rest_route=\/wp\/v2\/types\/product"}],"replies":[{"embeddable":true,"href":"https:\/\/belfastkoteklimenu.com\/index.php?rest_route=%2Fwp%2Fv2%2Fcomments&post=8374"}],"wp:attachment":[{"href":"https:\/\/belfastkoteklimenu.com\/index.php?rest_route=%2Fwp%2Fv2%2Fmedia&parent=8374"}],"wp:term":[{"taxonomy":"product_brand","embeddable":true,"href":"https:\/\/belfastkoteklimenu.com\/index.php?rest_route=%2Fwp%2Fv2%2Fproduct_brand&post=8374"},{"taxonomy":"product_cat","embeddable":true,"href":"https:\/\/belfastkoteklimenu.com\/index.php?rest_route=%2Fwp%2Fv2%2Fproduct_cat&post=8374"},{"taxonomy":"product_tag","embeddable":true,"href":"https:\/\/belfastkoteklimenu.com\/index.php?rest_route=%2Fwp%2Fv2%2Fproduct_tag&post=8374"}],"curies":[{"name":"wp","href":"https:\/\/api.w.org\/{rel}","templated":true}]}}