{"id":8382,"date":"2025-11-12T16:31:44","date_gmt":"2025-11-12T13:31:44","guid":{"rendered":"https:\/\/belfastkoteklimenu.com\/?post_type=product&#038;p=8382"},"modified":"2026-02-03T17:42:10","modified_gmt":"2026-02-03T14:42:10","slug":"ege-bahce-salata","status":"publish","type":"product","link":"https:\/\/belfastkoteklimenu.com\/?product=ege-bahce-salata","title":{"rendered":"Vegan Bah\u00e7e Salata"},"content":{"rendered":"<p>Roka, baby m\u0131s\u0131r, \u00e7eri domates, endivyen ve Lollo Rosso; ezine peyniri, ceviz ve taze otlar ile haz\u0131rlan\u0131r.<\/p>\n","protected":false},"excerpt":{"rendered":"<p>Roka, baby m\u0131s\u0131r, \u00e7eri domates, endivyen ve Lollo Rosso; ezine peyniri, ceviz ve taze otlar ile haz\u0131rlan\u0131r.<\/p>\n","protected":false},"featured_media":0,"comment_status":"open","ping_status":"closed","template":"","meta":[],"product_brand":[],"product_cat":[48],"product_tag":[],"class_list":{"0":"post-8382","1":"product","2":"type-product","3":"status-publish","5":"product_cat-salatalar","6":"food-materials-roka-baby-misir-ceri-domates-endivyen-ve-lollo-rosso-ezine-peyniri-ceviz-ve-taze-otlar-ile-hazirlanir","8":"first","9":"instock","10":"shipping-taxable","11":"purchasable","12":"product-type-simple"},"_links":{"self":[{"href":"https:\/\/belfastkoteklimenu.com\/index.php?rest_route=\/wp\/v2\/product\/8382","targetHints":{"allow":["GET"]}}],"collection":[{"href":"https:\/\/belfastkoteklimenu.com\/index.php?rest_route=\/wp\/v2\/product"}],"about":[{"href":"https:\/\/belfastkoteklimenu.com\/index.php?rest_route=\/wp\/v2\/types\/product"}],"replies":[{"embeddable":true,"href":"https:\/\/belfastkoteklimenu.com\/index.php?rest_route=%2Fwp%2Fv2%2Fcomments&post=8382"}],"wp:attachment":[{"href":"https:\/\/belfastkoteklimenu.com\/index.php?rest_route=%2Fwp%2Fv2%2Fmedia&parent=8382"}],"wp:term":[{"taxonomy":"product_brand","embeddable":true,"href":"https:\/\/belfastkoteklimenu.com\/index.php?rest_route=%2Fwp%2Fv2%2Fproduct_brand&post=8382"},{"taxonomy":"product_cat","embeddable":true,"href":"https:\/\/belfastkoteklimenu.com\/index.php?rest_route=%2Fwp%2Fv2%2Fproduct_cat&post=8382"},{"taxonomy":"product_tag","embeddable":true,"href":"https:\/\/belfastkoteklimenu.com\/index.php?rest_route=%2Fwp%2Fv2%2Fproduct_tag&post=8382"}],"curies":[{"name":"wp","href":"https:\/\/api.w.org\/{rel}","templated":true}]}}