{"id":8385,"date":"2025-11-12T16:33:14","date_gmt":"2025-11-12T13:33:14","guid":{"rendered":"https:\/\/belfastkoteklimenu.com\/?post_type=product&#038;p=8385"},"modified":"2026-02-03T17:39:48","modified_gmt":"2026-02-03T14:39:48","slug":"ton-balikli-salata","status":"publish","type":"product","link":"https:\/\/belfastkoteklimenu.com\/?product=ton-balikli-salata","title":{"rendered":"Ton Bal\u0131kl\u0131 Salata"},"content":{"rendered":"<p>Ton bal\u0131\u011f\u0131; mascolin salata, \u00e7eri domates, tur\u015fu, m\u0131s\u0131r ve mor so\u011fan ile haz\u0131rlan\u0131r.<\/p>\n","protected":false},"excerpt":{"rendered":"<p>Ton bal\u0131\u011f\u0131; mascolin salata, \u00e7eri domates, tur\u015fu, m\u0131s\u0131r ve mor so\u011fan ile haz\u0131rlan\u0131r.<\/p>\n","protected":false},"featured_media":0,"comment_status":"open","ping_status":"closed","template":"","meta":[],"product_brand":[],"product_cat":[48],"product_tag":[],"class_list":{"0":"post-8385","1":"product","2":"type-product","3":"status-publish","5":"product_cat-salatalar","6":"food-materials-ton-baligi-mascolin-salata-ceri-domates-tursu-misir-ve-mor-sogan-ile-hazirlanir","8":"first","9":"instock","10":"shipping-taxable","11":"purchasable","12":"product-type-simple"},"_links":{"self":[{"href":"https:\/\/belfastkoteklimenu.com\/index.php?rest_route=\/wp\/v2\/product\/8385","targetHints":{"allow":["GET"]}}],"collection":[{"href":"https:\/\/belfastkoteklimenu.com\/index.php?rest_route=\/wp\/v2\/product"}],"about":[{"href":"https:\/\/belfastkoteklimenu.com\/index.php?rest_route=\/wp\/v2\/types\/product"}],"replies":[{"embeddable":true,"href":"https:\/\/belfastkoteklimenu.com\/index.php?rest_route=%2Fwp%2Fv2%2Fcomments&post=8385"}],"wp:attachment":[{"href":"https:\/\/belfastkoteklimenu.com\/index.php?rest_route=%2Fwp%2Fv2%2Fmedia&parent=8385"}],"wp:term":[{"taxonomy":"product_brand","embeddable":true,"href":"https:\/\/belfastkoteklimenu.com\/index.php?rest_route=%2Fwp%2Fv2%2Fproduct_brand&post=8385"},{"taxonomy":"product_cat","embeddable":true,"href":"https:\/\/belfastkoteklimenu.com\/index.php?rest_route=%2Fwp%2Fv2%2Fproduct_cat&post=8385"},{"taxonomy":"product_tag","embeddable":true,"href":"https:\/\/belfastkoteklimenu.com\/index.php?rest_route=%2Fwp%2Fv2%2Fproduct_tag&post=8385"}],"curies":[{"name":"wp","href":"https:\/\/api.w.org\/{rel}","templated":true}]}}