{"id":8386,"date":"2025-11-12T16:33:42","date_gmt":"2025-11-12T13:33:42","guid":{"rendered":"https:\/\/belfastkoteklimenu.com\/?post_type=product&#038;p=8386"},"modified":"2026-02-03T17:24:00","modified_gmt":"2026-02-03T14:24:00","slug":"acai-bowl","status":"publish","type":"product","link":"https:\/\/belfastkoteklimenu.com\/?product=acai-bowl","title":{"rendered":"Acai Bowl"},"content":{"rendered":"<p>Meyveli yo\u011furt; \u00e7ilek, \u015feftali ve granola ile servis.<\/p>\n","protected":false},"excerpt":{"rendered":"<p>Meyveli yo\u011furt; \u00e7ilek, \u015feftali ve granola ile servis.<\/p>\n","protected":false},"featured_media":0,"comment_status":"open","ping_status":"closed","template":"","meta":[],"product_brand":[],"product_cat":[49],"product_tag":[],"class_list":{"0":"post-8386","1":"product","2":"type-product","3":"status-publish","5":"product_cat-bowls","6":"food-materials-meyveli-yogurt-cilek-seftali-ve-granola-ile-servis","8":"first","9":"instock","10":"shipping-taxable","11":"purchasable","12":"product-type-simple"},"_links":{"self":[{"href":"https:\/\/belfastkoteklimenu.com\/index.php?rest_route=\/wp\/v2\/product\/8386","targetHints":{"allow":["GET"]}}],"collection":[{"href":"https:\/\/belfastkoteklimenu.com\/index.php?rest_route=\/wp\/v2\/product"}],"about":[{"href":"https:\/\/belfastkoteklimenu.com\/index.php?rest_route=\/wp\/v2\/types\/product"}],"replies":[{"embeddable":true,"href":"https:\/\/belfastkoteklimenu.com\/index.php?rest_route=%2Fwp%2Fv2%2Fcomments&post=8386"}],"wp:attachment":[{"href":"https:\/\/belfastkoteklimenu.com\/index.php?rest_route=%2Fwp%2Fv2%2Fmedia&parent=8386"}],"wp:term":[{"taxonomy":"product_brand","embeddable":true,"href":"https:\/\/belfastkoteklimenu.com\/index.php?rest_route=%2Fwp%2Fv2%2Fproduct_brand&post=8386"},{"taxonomy":"product_cat","embeddable":true,"href":"https:\/\/belfastkoteklimenu.com\/index.php?rest_route=%2Fwp%2Fv2%2Fproduct_cat&post=8386"},{"taxonomy":"product_tag","embeddable":true,"href":"https:\/\/belfastkoteklimenu.com\/index.php?rest_route=%2Fwp%2Fv2%2Fproduct_tag&post=8386"}],"curies":[{"name":"wp","href":"https:\/\/api.w.org\/{rel}","templated":true}]}}