{"id":8392,"date":"2025-11-12T16:36:40","date_gmt":"2025-11-12T13:36:40","guid":{"rendered":"https:\/\/belfastkoteklimenu.com\/?post_type=product&#038;p=8392"},"modified":"2026-02-05T15:02:23","modified_gmt":"2026-02-05T12:02:23","slug":"beef-quesadilla","status":"publish","type":"product","link":"https:\/\/belfastkoteklimenu.com\/?product=beef-quesadilla","title":{"rendered":"Beef Quesadilla"},"content":{"rendered":"<p>120 gr j\u00fclyen bonfile et ve j\u00fclyen biber; sweet chili sos ve Meksikan fasulyesi ile lava\u015f aras\u0131nda haz\u0131rlan\u0131r.<\/p>\n","protected":false},"excerpt":{"rendered":"<p>120 gr j\u00fclyen bonfile et ve j\u00fclyen biber; sweet chili sos ve Meksikan fasulyesi ile lava\u015f aras\u0131nda haz\u0131rlan\u0131r.<\/p>\n","protected":false},"featured_media":0,"comment_status":"open","ping_status":"closed","template":"","meta":[],"product_brand":[],"product_cat":[50],"product_tag":[],"class_list":{"0":"post-8392","1":"product","2":"type-product","3":"status-publish","5":"product_cat-burger-ve-lavas","6":"food-materials-120-gr-julyen-bonfile-et-ve-julyen-biber-sweet-chili-sos-ve-meksikan-fasulyesi-ile-lavas-arasinda-hazirlanir","8":"first","9":"instock","10":"shipping-taxable","11":"purchasable","12":"product-type-simple"},"_links":{"self":[{"href":"https:\/\/belfastkoteklimenu.com\/index.php?rest_route=\/wp\/v2\/product\/8392","targetHints":{"allow":["GET"]}}],"collection":[{"href":"https:\/\/belfastkoteklimenu.com\/index.php?rest_route=\/wp\/v2\/product"}],"about":[{"href":"https:\/\/belfastkoteklimenu.com\/index.php?rest_route=\/wp\/v2\/types\/product"}],"replies":[{"embeddable":true,"href":"https:\/\/belfastkoteklimenu.com\/index.php?rest_route=%2Fwp%2Fv2%2Fcomments&post=8392"}],"wp:attachment":[{"href":"https:\/\/belfastkoteklimenu.com\/index.php?rest_route=%2Fwp%2Fv2%2Fmedia&parent=8392"}],"wp:term":[{"taxonomy":"product_brand","embeddable":true,"href":"https:\/\/belfastkoteklimenu.com\/index.php?rest_route=%2Fwp%2Fv2%2Fproduct_brand&post=8392"},{"taxonomy":"product_cat","embeddable":true,"href":"https:\/\/belfastkoteklimenu.com\/index.php?rest_route=%2Fwp%2Fv2%2Fproduct_cat&post=8392"},{"taxonomy":"product_tag","embeddable":true,"href":"https:\/\/belfastkoteklimenu.com\/index.php?rest_route=%2Fwp%2Fv2%2Fproduct_tag&post=8392"}],"curies":[{"name":"wp","href":"https:\/\/api.w.org\/{rel}","templated":true}]}}