{"id":8394,"date":"2025-11-12T16:37:38","date_gmt":"2025-11-12T13:37:38","guid":{"rendered":"https:\/\/belfastkoteklimenu.com\/?post_type=product&#038;p=8394"},"modified":"2026-02-05T15:01:51","modified_gmt":"2026-02-05T12:01:51","slug":"chicken-quesadilla","status":"publish","type":"product","link":"https:\/\/belfastkoteklimenu.com\/?product=chicken-quesadilla","title":{"rendered":"Chicken Quesadilla"},"content":{"rendered":"<p>120 gr j\u00fclyen tavuk ve j\u00fclyen biber; sweet chili sos ve Meksikan fasulyesi ile lava\u015f aras\u0131nda haz\u0131rlan\u0131r.<\/p>\n","protected":false},"excerpt":{"rendered":"<p>120 gr j\u00fclyen tavuk ve j\u00fclyen biber; sweet chili sos ve Meksikan fasulyesi ile lava\u015f aras\u0131nda haz\u0131rlan\u0131r.<\/p>\n","protected":false},"featured_media":0,"comment_status":"open","ping_status":"closed","template":"","meta":[],"product_brand":[],"product_cat":[50],"product_tag":[],"class_list":{"0":"post-8394","1":"product","2":"type-product","3":"status-publish","5":"product_cat-burger-ve-lavas","6":"food-materials-120-gr-julyen-tavuk-ve-julyen-biber-sweet-chili-sos-ve-meksikan-fasulyesi-ile-lavas-arasinda-hazirlanir","8":"first","9":"instock","10":"shipping-taxable","11":"purchasable","12":"product-type-simple"},"_links":{"self":[{"href":"https:\/\/belfastkoteklimenu.com\/index.php?rest_route=\/wp\/v2\/product\/8394","targetHints":{"allow":["GET"]}}],"collection":[{"href":"https:\/\/belfastkoteklimenu.com\/index.php?rest_route=\/wp\/v2\/product"}],"about":[{"href":"https:\/\/belfastkoteklimenu.com\/index.php?rest_route=\/wp\/v2\/types\/product"}],"replies":[{"embeddable":true,"href":"https:\/\/belfastkoteklimenu.com\/index.php?rest_route=%2Fwp%2Fv2%2Fcomments&post=8394"}],"wp:attachment":[{"href":"https:\/\/belfastkoteklimenu.com\/index.php?rest_route=%2Fwp%2Fv2%2Fmedia&parent=8394"}],"wp:term":[{"taxonomy":"product_brand","embeddable":true,"href":"https:\/\/belfastkoteklimenu.com\/index.php?rest_route=%2Fwp%2Fv2%2Fproduct_brand&post=8394"},{"taxonomy":"product_cat","embeddable":true,"href":"https:\/\/belfastkoteklimenu.com\/index.php?rest_route=%2Fwp%2Fv2%2Fproduct_cat&post=8394"},{"taxonomy":"product_tag","embeddable":true,"href":"https:\/\/belfastkoteklimenu.com\/index.php?rest_route=%2Fwp%2Fv2%2Fproduct_tag&post=8394"}],"curies":[{"name":"wp","href":"https:\/\/api.w.org\/{rel}","templated":true}]}}