{"id":8395,"date":"2025-11-12T16:38:05","date_gmt":"2025-11-12T13:38:05","guid":{"rendered":"https:\/\/belfastkoteklimenu.com\/?post_type=product&#038;p=8395"},"modified":"2026-02-05T15:01:37","modified_gmt":"2026-02-05T12:01:37","slug":"citir-tavuk-burger","status":"publish","type":"product","link":"https:\/\/belfastkoteklimenu.com\/?product=citir-tavuk-burger","title":{"rendered":"\u00c7\u0131t\u0131r Tavuk Burger"},"content":{"rendered":"<p>120 gr panelenmi\u015f tavuk; cheddar peyniri ve karamelize so\u011fan ile, yan\u0131nda patates k\u0131zartmas\u0131 ile servis.<\/p>\n","protected":false},"excerpt":{"rendered":"<p>120 gr panelenmi\u015f tavuk; cheddar peyniri ve karamelize so\u011fan ile, yan\u0131nda patates k\u0131zartmas\u0131 ile servis.<\/p>\n","protected":false},"featured_media":0,"comment_status":"open","ping_status":"closed","template":"","meta":[],"product_brand":[],"product_cat":[50],"product_tag":[],"class_list":{"0":"post-8395","1":"product","2":"type-product","3":"status-publish","5":"product_cat-burger-ve-lavas","6":"food-materials-120-gr-panelenmis-tavuk-cheddar-peyniri-ve-karamelize-sogan-ile-yaninda-patates-kizartmasi-ile-servis","8":"first","9":"instock","10":"shipping-taxable","11":"purchasable","12":"product-type-simple"},"_links":{"self":[{"href":"https:\/\/belfastkoteklimenu.com\/index.php?rest_route=\/wp\/v2\/product\/8395","targetHints":{"allow":["GET"]}}],"collection":[{"href":"https:\/\/belfastkoteklimenu.com\/index.php?rest_route=\/wp\/v2\/product"}],"about":[{"href":"https:\/\/belfastkoteklimenu.com\/index.php?rest_route=\/wp\/v2\/types\/product"}],"replies":[{"embeddable":true,"href":"https:\/\/belfastkoteklimenu.com\/index.php?rest_route=%2Fwp%2Fv2%2Fcomments&post=8395"}],"wp:attachment":[{"href":"https:\/\/belfastkoteklimenu.com\/index.php?rest_route=%2Fwp%2Fv2%2Fmedia&parent=8395"}],"wp:term":[{"taxonomy":"product_brand","embeddable":true,"href":"https:\/\/belfastkoteklimenu.com\/index.php?rest_route=%2Fwp%2Fv2%2Fproduct_brand&post=8395"},{"taxonomy":"product_cat","embeddable":true,"href":"https:\/\/belfastkoteklimenu.com\/index.php?rest_route=%2Fwp%2Fv2%2Fproduct_cat&post=8395"},{"taxonomy":"product_tag","embeddable":true,"href":"https:\/\/belfastkoteklimenu.com\/index.php?rest_route=%2Fwp%2Fv2%2Fproduct_tag&post=8395"}],"curies":[{"name":"wp","href":"https:\/\/api.w.org\/{rel}","templated":true}]}}