{"id":8401,"date":"2025-11-12T16:41:23","date_gmt":"2025-11-12T13:41:23","guid":{"rendered":"https:\/\/belfastkoteklimenu.com\/?post_type=product&#038;p=8401"},"modified":"2026-02-03T17:21:27","modified_gmt":"2026-02-03T14:21:27","slug":"combo-atistirmalik","status":"publish","type":"product","link":"https:\/\/belfastkoteklimenu.com\/?product=combo-atistirmalik","title":{"rendered":"Combo At\u0131\u015ft\u0131rmal\u0131k"},"content":{"rendered":"<p>120 gr parmak patates; 3 adet sosis, 3 adet mini \u0131spanakl\u0131 b\u00f6rek, 3 adet panelenmi\u015f tavuk ve 3 adet so\u011fan halkas\u0131 ile birlikte.<\/p>\n","protected":false},"excerpt":{"rendered":"<p>120 gr parmak patates; 3 adet sosis, 3 adet mini \u0131spanakl\u0131 b\u00f6rek, 3 adet panelenmi\u015f tavuk ve 3 adet so\u011fan halkas\u0131 ile birlikte.<\/p>\n","protected":false},"featured_media":0,"comment_status":"open","ping_status":"closed","template":"","meta":[],"product_brand":[],"product_cat":[51],"product_tag":[],"class_list":{"0":"post-8401","1":"product","2":"type-product","3":"status-publish","5":"product_cat-atistirmaliklar","6":"food-materials-120-gr-parmak-patates-3-adet-sosis-3-adet-mini-ispanakli-borek-3-adet-panelenmis-tavuk-ve-3-adet-sogan-halkasi-ile-birlikte","8":"first","9":"instock","10":"shipping-taxable","11":"purchasable","12":"product-type-simple"},"_links":{"self":[{"href":"https:\/\/belfastkoteklimenu.com\/index.php?rest_route=\/wp\/v2\/product\/8401","targetHints":{"allow":["GET"]}}],"collection":[{"href":"https:\/\/belfastkoteklimenu.com\/index.php?rest_route=\/wp\/v2\/product"}],"about":[{"href":"https:\/\/belfastkoteklimenu.com\/index.php?rest_route=\/wp\/v2\/types\/product"}],"replies":[{"embeddable":true,"href":"https:\/\/belfastkoteklimenu.com\/index.php?rest_route=%2Fwp%2Fv2%2Fcomments&post=8401"}],"wp:attachment":[{"href":"https:\/\/belfastkoteklimenu.com\/index.php?rest_route=%2Fwp%2Fv2%2Fmedia&parent=8401"}],"wp:term":[{"taxonomy":"product_brand","embeddable":true,"href":"https:\/\/belfastkoteklimenu.com\/index.php?rest_route=%2Fwp%2Fv2%2Fproduct_brand&post=8401"},{"taxonomy":"product_cat","embeddable":true,"href":"https:\/\/belfastkoteklimenu.com\/index.php?rest_route=%2Fwp%2Fv2%2Fproduct_cat&post=8401"},{"taxonomy":"product_tag","embeddable":true,"href":"https:\/\/belfastkoteklimenu.com\/index.php?rest_route=%2Fwp%2Fv2%2Fproduct_tag&post=8401"}],"curies":[{"name":"wp","href":"https:\/\/api.w.org\/{rel}","templated":true}]}}