{"id":8404,"date":"2025-11-12T16:43:44","date_gmt":"2025-11-12T13:43:44","guid":{"rendered":"https:\/\/belfastkoteklimenu.com\/?post_type=product&#038;p=8404"},"modified":"2026-02-05T15:06:36","modified_gmt":"2026-02-05T12:06:36","slug":"koz-biberli-tagliatelle","status":"publish","type":"product","link":"https:\/\/belfastkoteklimenu.com\/?product=koz-biberli-tagliatelle","title":{"rendered":"K\u00f6z Biberli Tagliatelle"},"content":{"rendered":"<p>250 gr tagliatelle; 100 gr k\u00f6z biber ve krema ile haz\u0131rlan\u0131r, parmesan ile servis.<\/p>\n","protected":false},"excerpt":{"rendered":"<p>250 gr tagliatelle; 100 gr k\u00f6z biber ve krema ile haz\u0131rlan\u0131r, parmesan ile servis.<\/p>\n","protected":false},"featured_media":0,"comment_status":"open","ping_status":"closed","template":"","meta":[],"product_brand":[],"product_cat":[52],"product_tag":[],"class_list":{"0":"post-8404","1":"product","2":"type-product","3":"status-publish","5":"product_cat-makarnalar","6":"food-materials-250-gr-tagliatelle-100-gr-koz-biber-ve-krema-ile-hazirlanir-parmesan-ile-servis","8":"first","9":"instock","10":"shipping-taxable","11":"purchasable","12":"product-type-simple"},"_links":{"self":[{"href":"https:\/\/belfastkoteklimenu.com\/index.php?rest_route=\/wp\/v2\/product\/8404","targetHints":{"allow":["GET"]}}],"collection":[{"href":"https:\/\/belfastkoteklimenu.com\/index.php?rest_route=\/wp\/v2\/product"}],"about":[{"href":"https:\/\/belfastkoteklimenu.com\/index.php?rest_route=\/wp\/v2\/types\/product"}],"replies":[{"embeddable":true,"href":"https:\/\/belfastkoteklimenu.com\/index.php?rest_route=%2Fwp%2Fv2%2Fcomments&post=8404"}],"wp:attachment":[{"href":"https:\/\/belfastkoteklimenu.com\/index.php?rest_route=%2Fwp%2Fv2%2Fmedia&parent=8404"}],"wp:term":[{"taxonomy":"product_brand","embeddable":true,"href":"https:\/\/belfastkoteklimenu.com\/index.php?rest_route=%2Fwp%2Fv2%2Fproduct_brand&post=8404"},{"taxonomy":"product_cat","embeddable":true,"href":"https:\/\/belfastkoteklimenu.com\/index.php?rest_route=%2Fwp%2Fv2%2Fproduct_cat&post=8404"},{"taxonomy":"product_tag","embeddable":true,"href":"https:\/\/belfastkoteklimenu.com\/index.php?rest_route=%2Fwp%2Fv2%2Fproduct_tag&post=8404"}],"curies":[{"name":"wp","href":"https:\/\/api.w.org\/{rel}","templated":true}]}}