{"id":8405,"date":"2025-11-12T16:44:16","date_gmt":"2025-11-12T13:44:16","guid":{"rendered":"https:\/\/belfastkoteklimenu.com\/?post_type=product&#038;p=8405"},"modified":"2026-02-05T15:06:25","modified_gmt":"2026-02-05T12:06:25","slug":"penne-arrabbiata","status":"publish","type":"product","link":"https:\/\/belfastkoteklimenu.com\/?product=penne-arrabbiata","title":{"rendered":"Penne Arrabbiata"},"content":{"rendered":"<p>250 gr penne; \u00f6\u011f\u00fct\u00fclm\u00fc\u015f ac\u0131 biber sos ile haz\u0131rlan\u0131r, parmesan ile servis.<\/p>\n","protected":false},"excerpt":{"rendered":"<p>250 gr penne; \u00f6\u011f\u00fct\u00fclm\u00fc\u015f ac\u0131 biber sos ile haz\u0131rlan\u0131r, parmesan ile servis.<\/p>\n","protected":false},"featured_media":0,"comment_status":"open","ping_status":"closed","template":"","meta":[],"product_brand":[],"product_cat":[52],"product_tag":[],"class_list":{"0":"post-8405","1":"product","2":"type-product","3":"status-publish","5":"product_cat-makarnalar","6":"food-materials-250-gr-penne-ogutulmus-aci-biber-sos-ile-hazirlanir-parmesan-ile-servis","8":"first","9":"instock","10":"shipping-taxable","11":"purchasable","12":"product-type-simple"},"_links":{"self":[{"href":"https:\/\/belfastkoteklimenu.com\/index.php?rest_route=\/wp\/v2\/product\/8405","targetHints":{"allow":["GET"]}}],"collection":[{"href":"https:\/\/belfastkoteklimenu.com\/index.php?rest_route=\/wp\/v2\/product"}],"about":[{"href":"https:\/\/belfastkoteklimenu.com\/index.php?rest_route=\/wp\/v2\/types\/product"}],"replies":[{"embeddable":true,"href":"https:\/\/belfastkoteklimenu.com\/index.php?rest_route=%2Fwp%2Fv2%2Fcomments&post=8405"}],"wp:attachment":[{"href":"https:\/\/belfastkoteklimenu.com\/index.php?rest_route=%2Fwp%2Fv2%2Fmedia&parent=8405"}],"wp:term":[{"taxonomy":"product_brand","embeddable":true,"href":"https:\/\/belfastkoteklimenu.com\/index.php?rest_route=%2Fwp%2Fv2%2Fproduct_brand&post=8405"},{"taxonomy":"product_cat","embeddable":true,"href":"https:\/\/belfastkoteklimenu.com\/index.php?rest_route=%2Fwp%2Fv2%2Fproduct_cat&post=8405"},{"taxonomy":"product_tag","embeddable":true,"href":"https:\/\/belfastkoteklimenu.com\/index.php?rest_route=%2Fwp%2Fv2%2Fproduct_tag&post=8405"}],"curies":[{"name":"wp","href":"https:\/\/api.w.org\/{rel}","templated":true}]}}