{"id":8412,"date":"2025-11-12T16:48:28","date_gmt":"2025-11-12T13:48:28","guid":{"rendered":"https:\/\/belfastkoteklimenu.com\/?post_type=product&#038;p=8412"},"modified":"2026-02-05T14:45:06","modified_gmt":"2026-02-05T11:45:06","slug":"antrikot-izgara","status":"publish","type":"product","link":"https:\/\/belfastkoteklimenu.com\/?product=antrikot-izgara","title":{"rendered":"Antrikot Izgara"},"content":{"rendered":"<p>250 gr antrikot \u0131zgara; patates p\u00fcresi, baby sebze ve demi glace sos e\u015fli\u011finde.<\/p>\n","protected":false},"excerpt":{"rendered":"<p>250 gr antrikot \u0131zgara; patates p\u00fcresi, baby sebze ve demi glace sos e\u015fli\u011finde.<\/p>\n","protected":false},"featured_media":0,"comment_status":"open","ping_status":"closed","template":"","meta":[],"product_brand":[],"product_cat":[54],"product_tag":[],"class_list":{"0":"post-8412","1":"product","2":"type-product","3":"status-publish","5":"product_cat-ana-yemekler","6":"food-materials-250-gr-antrikot-izgara-patates-puresi-baby-sebze-ve-demi-glace-sos-esliginde","8":"first","9":"instock","10":"shipping-taxable","11":"purchasable","12":"product-type-simple"},"_links":{"self":[{"href":"https:\/\/belfastkoteklimenu.com\/index.php?rest_route=\/wp\/v2\/product\/8412","targetHints":{"allow":["GET"]}}],"collection":[{"href":"https:\/\/belfastkoteklimenu.com\/index.php?rest_route=\/wp\/v2\/product"}],"about":[{"href":"https:\/\/belfastkoteklimenu.com\/index.php?rest_route=\/wp\/v2\/types\/product"}],"replies":[{"embeddable":true,"href":"https:\/\/belfastkoteklimenu.com\/index.php?rest_route=%2Fwp%2Fv2%2Fcomments&post=8412"}],"wp:attachment":[{"href":"https:\/\/belfastkoteklimenu.com\/index.php?rest_route=%2Fwp%2Fv2%2Fmedia&parent=8412"}],"wp:term":[{"taxonomy":"product_brand","embeddable":true,"href":"https:\/\/belfastkoteklimenu.com\/index.php?rest_route=%2Fwp%2Fv2%2Fproduct_brand&post=8412"},{"taxonomy":"product_cat","embeddable":true,"href":"https:\/\/belfastkoteklimenu.com\/index.php?rest_route=%2Fwp%2Fv2%2Fproduct_cat&post=8412"},{"taxonomy":"product_tag","embeddable":true,"href":"https:\/\/belfastkoteklimenu.com\/index.php?rest_route=%2Fwp%2Fv2%2Fproduct_tag&post=8412"}],"curies":[{"name":"wp","href":"https:\/\/api.w.org\/{rel}","templated":true}]}}