{"id":8414,"date":"2025-11-12T16:49:22","date_gmt":"2025-11-12T13:49:22","guid":{"rendered":"https:\/\/belfastkoteklimenu.com\/?post_type=product&#038;p=8414"},"modified":"2026-02-05T14:44:57","modified_gmt":"2026-02-05T11:44:57","slug":"isvec-kofte","status":"publish","type":"product","link":"https:\/\/belfastkoteklimenu.com\/?product=isvec-kofte","title":{"rendered":"\u0130sve\u00e7 K\u00f6fte"},"content":{"rendered":"<p>7 adet 30 gr top k\u00f6fte; patates p\u00fcresi ve basmati pirin\u00e7 pilav\u0131 e\u015fli\u011finde, mascolin salata, baby sebze ve demi glace sos ile servis.<\/p>\n","protected":false},"excerpt":{"rendered":"<p>7 adet 30 gr top k\u00f6fte; patates p\u00fcresi ve basmati pirin\u00e7 pilav\u0131 e\u015fli\u011finde, mascolin salata, baby sebze ve demi glace sos ile servis.<\/p>\n","protected":false},"featured_media":0,"comment_status":"open","ping_status":"closed","template":"","meta":[],"product_brand":[],"product_cat":[54],"product_tag":[],"class_list":{"0":"post-8414","1":"product","2":"type-product","3":"status-publish","5":"product_cat-ana-yemekler","6":"food-materials-7-adet-30-gr-top-kofte-patates-puresi-ve-basmati-pirinc-pilavi-esliginde-mascolin-salata-baby-sebze-ve-demi-glace-sos-ile-servis","8":"first","9":"instock","10":"shipping-taxable","11":"purchasable","12":"product-type-simple"},"_links":{"self":[{"href":"https:\/\/belfastkoteklimenu.com\/index.php?rest_route=\/wp\/v2\/product\/8414","targetHints":{"allow":["GET"]}}],"collection":[{"href":"https:\/\/belfastkoteklimenu.com\/index.php?rest_route=\/wp\/v2\/product"}],"about":[{"href":"https:\/\/belfastkoteklimenu.com\/index.php?rest_route=\/wp\/v2\/types\/product"}],"replies":[{"embeddable":true,"href":"https:\/\/belfastkoteklimenu.com\/index.php?rest_route=%2Fwp%2Fv2%2Fcomments&post=8414"}],"wp:attachment":[{"href":"https:\/\/belfastkoteklimenu.com\/index.php?rest_route=%2Fwp%2Fv2%2Fmedia&parent=8414"}],"wp:term":[{"taxonomy":"product_brand","embeddable":true,"href":"https:\/\/belfastkoteklimenu.com\/index.php?rest_route=%2Fwp%2Fv2%2Fproduct_brand&post=8414"},{"taxonomy":"product_cat","embeddable":true,"href":"https:\/\/belfastkoteklimenu.com\/index.php?rest_route=%2Fwp%2Fv2%2Fproduct_cat&post=8414"},{"taxonomy":"product_tag","embeddable":true,"href":"https:\/\/belfastkoteklimenu.com\/index.php?rest_route=%2Fwp%2Fv2%2Fproduct_tag&post=8414"}],"curies":[{"name":"wp","href":"https:\/\/api.w.org\/{rel}","templated":true}]}}