{"id":8416,"date":"2025-11-12T16:50:29","date_gmt":"2025-11-12T13:50:29","guid":{"rendered":"https:\/\/belfastkoteklimenu.com\/?post_type=product&#038;p=8416"},"modified":"2026-02-03T16:41:50","modified_gmt":"2026-02-03T13:41:50","slug":"tavuk-kulbasti","status":"publish","type":"product","link":"https:\/\/belfastkoteklimenu.com\/?product=tavuk-kulbasti","title":{"rendered":"Tavuk K\u00fclbast\u0131"},"content":{"rendered":"<p>250 gr tavuk g\u00f6\u011fs\u00fc ile haz\u0131rlanan \u0131zgara k\u00fclbast\u0131; yan\u0131nda basmati pirin\u00e7 pilav\u0131 ve mascolin salata.<\/p>\n","protected":false},"excerpt":{"rendered":"<p>250 gr tavuk g\u00f6\u011fs\u00fc ile haz\u0131rlanan \u0131zgara k\u00fclbast\u0131; yan\u0131nda basmati pirin\u00e7 pilav\u0131 ve mascolin salata.<\/p>\n","protected":false},"featured_media":0,"comment_status":"open","ping_status":"closed","template":"","meta":[],"product_brand":[],"product_cat":[54],"product_tag":[],"class_list":{"0":"post-8416","1":"product","2":"type-product","3":"status-publish","5":"product_cat-ana-yemekler","6":"food-materials-250-gr-tavuk-gogsu-ile-hazirlanan-izgara-kulbasti-yaninda-basmati-pirinc-pilavi-ve-mascolin-salata","8":"first","9":"instock","10":"shipping-taxable","11":"purchasable","12":"product-type-simple"},"_links":{"self":[{"href":"https:\/\/belfastkoteklimenu.com\/index.php?rest_route=\/wp\/v2\/product\/8416","targetHints":{"allow":["GET"]}}],"collection":[{"href":"https:\/\/belfastkoteklimenu.com\/index.php?rest_route=\/wp\/v2\/product"}],"about":[{"href":"https:\/\/belfastkoteklimenu.com\/index.php?rest_route=\/wp\/v2\/types\/product"}],"replies":[{"embeddable":true,"href":"https:\/\/belfastkoteklimenu.com\/index.php?rest_route=%2Fwp%2Fv2%2Fcomments&post=8416"}],"wp:attachment":[{"href":"https:\/\/belfastkoteklimenu.com\/index.php?rest_route=%2Fwp%2Fv2%2Fmedia&parent=8416"}],"wp:term":[{"taxonomy":"product_brand","embeddable":true,"href":"https:\/\/belfastkoteklimenu.com\/index.php?rest_route=%2Fwp%2Fv2%2Fproduct_brand&post=8416"},{"taxonomy":"product_cat","embeddable":true,"href":"https:\/\/belfastkoteklimenu.com\/index.php?rest_route=%2Fwp%2Fv2%2Fproduct_cat&post=8416"},{"taxonomy":"product_tag","embeddable":true,"href":"https:\/\/belfastkoteklimenu.com\/index.php?rest_route=%2Fwp%2Fv2%2Fproduct_tag&post=8416"}],"curies":[{"name":"wp","href":"https:\/\/api.w.org\/{rel}","templated":true}]}}