{"id":8738,"date":"2026-01-02T16:12:43","date_gmt":"2026-01-02T13:12:43","guid":{"rendered":"https:\/\/belfastkoteklimenu.com\/?post_type=product&#038;p=8738"},"modified":"2026-02-05T15:00:33","modified_gmt":"2026-02-05T12:00:33","slug":"belfast-special-burger","status":"publish","type":"product","link":"https:\/\/belfastkoteklimenu.com\/?product=belfast-special-burger","title":{"rendered":"Belfast Special Burger 120 Gr."},"content":{"rendered":"<p>135 gr burger k\u00f6ftesi \u00fczerine 2 adet f\u00fcme kaburga eti ve 2 adet cheddar peyniri; karamelize so\u011fan ve ball\u0131 hardall\u0131 taban sos ile, yan\u0131nda patates k\u0131zartmas\u0131 ile servis.<\/p>\n","protected":false},"excerpt":{"rendered":"<p>135 gr burger k\u00f6ftesi \u00fczerine 2 adet f\u00fcme kaburga eti ve 2 adet cheddar peyniri; karamelize so\u011fan ve ball\u0131 hardall\u0131 taban sos ile, yan\u0131nda patates k\u0131zartmas\u0131 ile servis.<\/p>\n","protected":false},"featured_media":0,"comment_status":"open","ping_status":"closed","template":"","meta":[],"product_brand":[],"product_cat":[50],"product_tag":[],"class_list":{"0":"post-8738","1":"product","2":"type-product","3":"status-publish","5":"product_cat-burger-ve-lavas","6":"food-materials-135-gr-burger-koftesi-uzerine-2-adet-fume-kaburga-eti-ve-2-adet-cheddar-peyniri-karamelize-sogan-ve-balli-hardalli-taban-sos-ile-yaninda-patates-kizartmasi-ile-servis","8":"first","9":"instock","10":"shipping-taxable","11":"purchasable","12":"product-type-simple"},"_links":{"self":[{"href":"https:\/\/belfastkoteklimenu.com\/index.php?rest_route=\/wp\/v2\/product\/8738","targetHints":{"allow":["GET"]}}],"collection":[{"href":"https:\/\/belfastkoteklimenu.com\/index.php?rest_route=\/wp\/v2\/product"}],"about":[{"href":"https:\/\/belfastkoteklimenu.com\/index.php?rest_route=\/wp\/v2\/types\/product"}],"replies":[{"embeddable":true,"href":"https:\/\/belfastkoteklimenu.com\/index.php?rest_route=%2Fwp%2Fv2%2Fcomments&post=8738"}],"wp:attachment":[{"href":"https:\/\/belfastkoteklimenu.com\/index.php?rest_route=%2Fwp%2Fv2%2Fmedia&parent=8738"}],"wp:term":[{"taxonomy":"product_brand","embeddable":true,"href":"https:\/\/belfastkoteklimenu.com\/index.php?rest_route=%2Fwp%2Fv2%2Fproduct_brand&post=8738"},{"taxonomy":"product_cat","embeddable":true,"href":"https:\/\/belfastkoteklimenu.com\/index.php?rest_route=%2Fwp%2Fv2%2Fproduct_cat&post=8738"},{"taxonomy":"product_tag","embeddable":true,"href":"https:\/\/belfastkoteklimenu.com\/index.php?rest_route=%2Fwp%2Fv2%2Fproduct_tag&post=8738"}],"curies":[{"name":"wp","href":"https:\/\/api.w.org\/{rel}","templated":true}]}}