{"id":8739,"date":"2026-01-02T16:15:40","date_gmt":"2026-01-02T13:15:40","guid":{"rendered":"https:\/\/belfastkoteklimenu.com\/?post_type=product&#038;p=8739"},"modified":"2026-02-05T15:05:50","modified_gmt":"2026-02-05T12:05:50","slug":"pancar-parmesan-makarna","status":"publish","type":"product","link":"https:\/\/belfastkoteklimenu.com\/?product=pancar-parmesan-makarna","title":{"rendered":"Pancar Parmesan Makarna"},"content":{"rendered":"<p>Pancar p\u00fcresi ve krema ile haz\u0131rlanan sos; rendelenmi\u015f parmesan peyniri, 250 gr penne makarna ve so\u011fan k\u0131t\u0131r\u0131 ile servis.<\/p>\n","protected":false},"excerpt":{"rendered":"<p>Pancar p\u00fcresi ve krema ile haz\u0131rlanan sos; rendelenmi\u015f parmesan peyniri, 250 gr penne makarna ve so\u011fan k\u0131t\u0131r\u0131 ile servis.<\/p>\n","protected":false},"featured_media":0,"comment_status":"open","ping_status":"closed","template":"","meta":[],"product_brand":[],"product_cat":[52],"product_tag":[],"class_list":{"0":"post-8739","1":"product","2":"type-product","3":"status-publish","5":"product_cat-makarnalar","6":"food-materials-pancar-puresi-ve-krema-ile-hazirlanan-sos-rendelenmis-parmesan-peyniri-250-gr-penne-makarna-ve-sogan-kitiri-ile-servis","8":"first","9":"instock","10":"shipping-taxable","11":"purchasable","12":"product-type-simple"},"_links":{"self":[{"href":"https:\/\/belfastkoteklimenu.com\/index.php?rest_route=\/wp\/v2\/product\/8739","targetHints":{"allow":["GET"]}}],"collection":[{"href":"https:\/\/belfastkoteklimenu.com\/index.php?rest_route=\/wp\/v2\/product"}],"about":[{"href":"https:\/\/belfastkoteklimenu.com\/index.php?rest_route=\/wp\/v2\/types\/product"}],"replies":[{"embeddable":true,"href":"https:\/\/belfastkoteklimenu.com\/index.php?rest_route=%2Fwp%2Fv2%2Fcomments&post=8739"}],"wp:attachment":[{"href":"https:\/\/belfastkoteklimenu.com\/index.php?rest_route=%2Fwp%2Fv2%2Fmedia&parent=8739"}],"wp:term":[{"taxonomy":"product_brand","embeddable":true,"href":"https:\/\/belfastkoteklimenu.com\/index.php?rest_route=%2Fwp%2Fv2%2Fproduct_brand&post=8739"},{"taxonomy":"product_cat","embeddable":true,"href":"https:\/\/belfastkoteklimenu.com\/index.php?rest_route=%2Fwp%2Fv2%2Fproduct_cat&post=8739"},{"taxonomy":"product_tag","embeddable":true,"href":"https:\/\/belfastkoteklimenu.com\/index.php?rest_route=%2Fwp%2Fv2%2Fproduct_tag&post=8739"}],"curies":[{"name":"wp","href":"https:\/\/api.w.org\/{rel}","templated":true}]}}