{"id":8741,"date":"2026-01-02T16:18:03","date_gmt":"2026-01-02T13:18:03","guid":{"rendered":"https:\/\/belfastkoteklimenu.com\/?post_type=product&#038;p=8741"},"modified":"2026-02-03T16:39:18","modified_gmt":"2026-02-03T13:39:18","slug":"kremali-mantarli-tavuk","status":"publish","type":"product","link":"https:\/\/belfastkoteklimenu.com\/?product=kremali-mantarli-tavuk","title":{"rendered":"Kremal\u0131 Mantarl\u0131 Tavuk"},"content":{"rendered":"<p>Krema ve mantar ile haz\u0131rlanan 150 gr tavuk; yan\u0131nda basmati pirin\u00e7 pilav\u0131 ve mascolin salata.<\/p>\n","protected":false},"excerpt":{"rendered":"<p>Krema ve mantar ile haz\u0131rlanan 150 gr tavuk; yan\u0131nda basmati pirin\u00e7 pilav\u0131 ve mascolin salata.<\/p>\n","protected":false},"featured_media":0,"comment_status":"open","ping_status":"closed","template":"","meta":[],"product_brand":[],"product_cat":[54],"product_tag":[],"class_list":{"0":"post-8741","1":"product","2":"type-product","3":"status-publish","5":"product_cat-ana-yemekler","6":"food-materials-krema-ve-mantar-ile-hazirlanan-150-gr-tavuk-yaninda-basmati-pirinc-pilavi-ve-mascolin-salata","8":"first","9":"instock","10":"shipping-taxable","11":"purchasable","12":"product-type-simple"},"_links":{"self":[{"href":"https:\/\/belfastkoteklimenu.com\/index.php?rest_route=\/wp\/v2\/product\/8741","targetHints":{"allow":["GET"]}}],"collection":[{"href":"https:\/\/belfastkoteklimenu.com\/index.php?rest_route=\/wp\/v2\/product"}],"about":[{"href":"https:\/\/belfastkoteklimenu.com\/index.php?rest_route=\/wp\/v2\/types\/product"}],"replies":[{"embeddable":true,"href":"https:\/\/belfastkoteklimenu.com\/index.php?rest_route=%2Fwp%2Fv2%2Fcomments&post=8741"}],"wp:attachment":[{"href":"https:\/\/belfastkoteklimenu.com\/index.php?rest_route=%2Fwp%2Fv2%2Fmedia&parent=8741"}],"wp:term":[{"taxonomy":"product_brand","embeddable":true,"href":"https:\/\/belfastkoteklimenu.com\/index.php?rest_route=%2Fwp%2Fv2%2Fproduct_brand&post=8741"},{"taxonomy":"product_cat","embeddable":true,"href":"https:\/\/belfastkoteklimenu.com\/index.php?rest_route=%2Fwp%2Fv2%2Fproduct_cat&post=8741"},{"taxonomy":"product_tag","embeddable":true,"href":"https:\/\/belfastkoteklimenu.com\/index.php?rest_route=%2Fwp%2Fv2%2Fproduct_tag&post=8741"}],"curies":[{"name":"wp","href":"https:\/\/api.w.org\/{rel}","templated":true}]}}