{"id":8794,"date":"2026-02-05T14:56:16","date_gmt":"2026-02-05T11:56:16","guid":{"rendered":"https:\/\/belfastkoteklimenu.com\/?post_type=product&#038;p=8794"},"modified":"2026-02-05T14:58:11","modified_gmt":"2026-02-05T11:58:11","slug":"cheese-burger-90-gr","status":"publish","type":"product","link":"https:\/\/belfastkoteklimenu.com\/?product=cheese-burger-90-gr","title":{"rendered":"Cheese Burger 90 Gr."},"content":{"rendered":"<p>90 gr hamburger k\u00f6ftesi; iki dilim cheddar peyniri, karamelize so\u011fan ve hardall\u0131 mayonez taban sos ile, yan\u0131nda patates k\u0131zartmas\u0131 ile servis.<\/p>\n","protected":false},"excerpt":{"rendered":"<p>90 gr hamburger k\u00f6ftesi; iki dilim cheddar peyniri, karamelize so\u011fan ve hardall\u0131 mayonez taban sos ile, yan\u0131nda patates k\u0131zartmas\u0131 ile servis.<\/p>\n","protected":false},"featured_media":0,"comment_status":"open","ping_status":"closed","template":"","meta":[],"product_brand":[],"product_cat":[50],"product_tag":[],"class_list":{"0":"post-8794","1":"product","2":"type-product","3":"status-publish","5":"product_cat-burger-ve-lavas","6":"food-materials-90-gr-hamburger-koftesi-iki-dilim-cheddar-peyniri-karamelize-sogan-ve-hardalli-mayonez-taban-sos-ile-yaninda-patates-kizartmasi-ile-servis","8":"first","9":"instock","10":"shipping-taxable","11":"purchasable","12":"product-type-simple"},"_links":{"self":[{"href":"https:\/\/belfastkoteklimenu.com\/index.php?rest_route=\/wp\/v2\/product\/8794","targetHints":{"allow":["GET"]}}],"collection":[{"href":"https:\/\/belfastkoteklimenu.com\/index.php?rest_route=\/wp\/v2\/product"}],"about":[{"href":"https:\/\/belfastkoteklimenu.com\/index.php?rest_route=\/wp\/v2\/types\/product"}],"replies":[{"embeddable":true,"href":"https:\/\/belfastkoteklimenu.com\/index.php?rest_route=%2Fwp%2Fv2%2Fcomments&post=8794"}],"wp:attachment":[{"href":"https:\/\/belfastkoteklimenu.com\/index.php?rest_route=%2Fwp%2Fv2%2Fmedia&parent=8794"}],"wp:term":[{"taxonomy":"product_brand","embeddable":true,"href":"https:\/\/belfastkoteklimenu.com\/index.php?rest_route=%2Fwp%2Fv2%2Fproduct_brand&post=8794"},{"taxonomy":"product_cat","embeddable":true,"href":"https:\/\/belfastkoteklimenu.com\/index.php?rest_route=%2Fwp%2Fv2%2Fproduct_cat&post=8794"},{"taxonomy":"product_tag","embeddable":true,"href":"https:\/\/belfastkoteklimenu.com\/index.php?rest_route=%2Fwp%2Fv2%2Fproduct_tag&post=8794"}],"curies":[{"name":"wp","href":"https:\/\/api.w.org\/{rel}","templated":true}]}}